{"id":916,"date":"2015-08-27T22:22:41","date_gmt":"2015-08-27T22:22:41","guid":{"rendered":"http:\/\/livebiennale.ca\/?page_id=916"},"modified":"2025-05-01T03:39:53","modified_gmt":"2025-05-01T10:39:53","slug":"past-artists","status":"publish","type":"page","link":"https:\/\/livebiennale.ca\/2015\/","title":{"rendered":"Past Artists"},"content":{"rendered":"<h3 style=\"text-align: center;\"><\/h3>\n<h3 style=\"text-align: center;\"><strong>2015<\/strong><\/h3>\n<p style=\"text-align: center;\"><a href=\"https:\/\/livebiennale.ca\/2015\/2015-adrian-stimson\/\">Adrian Stimson<\/a><br \/>\n<a href=\"https:\/\/livebiennale.ca\/2015\/2015-charlene-vickers-2\/\">Charlene Vickers<\/a><br \/>\n<a href=\"https:\/\/livebiennale.ca\/2015\/2015-fausto-grossi-2\/\">Fausto Grossi<\/a><br \/>\n<a href=\"https:\/\/livebiennale.ca\/2015\/2015-francis-oshaughnessy-2\/\" data-wplink-edit=\"true\">Francis O\u2019Shaughnessy<\/a><br \/>\n<a href=\"https:\/\/livebiennale.ca\/2015\/2015-hank-bull-2\/\">Hank Bull<\/a><br \/>\n<a href=\"https:\/\/livebiennale.ca\/2015\/2015-james-luna-and-jeneen-frei-njootli\/\">James Luna and Jeneen Frei Njootli<\/a><br \/>\n<a href=\"https:\/\/livebiennale.ca\/2015\/2015-jef-carnay\/\">Jef Carnay<\/a><br \/>\n<a href=\"https:\/\/livebiennale.ca\/2015\/2015-joseph-ravens-2\/\">Joseph Ravens<\/a><br \/>\n<a href=\"https:\/\/livebiennale.ca\/2015\/2015-kara-hansen-and-kathleen-taylor\/\">Kara Hansen and Kathleen Taylor<\/a><br \/>\n<a href=\"https:\/\/livebiennale.ca\/2015\/2015-la-pocha-nostra-2\/\">La Pocha Nostra<\/a><br \/>\n<a href=\"https:\/\/livebiennale.ca\/2015\/2015-le-brothers\/\">Le Brothers<\/a><br \/>\n<a href=\"https:\/\/livebiennale.ca\/2015\/2015-margaret-dragu\/\">Margaret Dragu<\/a><br \/>\n<a href=\"https:\/\/livebiennale.ca\/2015\/2015-marlene-renaud-b-2\/\">Marl\u00e8ne Renaud-B<\/a><br \/>\n<a href=\"https:\/\/livebiennale.ca\/2015\/2015-nathalie-mba-bikoro-2\/\">Nathalie Mba Bikoro<\/a><br \/>\n<a href=\"https:\/\/livebiennale.ca\/2015\/2015-swintak-3\/\">SWINTAK<\/a><br \/>\n<a href=\"https:\/\/livebiennale.ca\/2015\/2015-warren-arcand\/\">Warren Arcand<\/a><br \/>\n<a href=\"https:\/\/livebiennale.ca\/2015\/2015-weeks-whitford-2\/\">Weeks &amp; Whitford<\/a><br \/>\n<a href=\"https:\/\/livebiennale.ca\/2015\/2015-willem-wilhelmus-2\/\">Willem Wilhelmus<\/a><br \/>\n<a href=\"https:\/\/livebiennale.ca\/2015\/2015-zoe-kreye-2\/\">Zoe Kreye<\/a><\/p>\n<h3 style=\"text-align: center;\"><strong>2013<\/strong><\/h3>\n<p style=\"text-align: center;\"><a href=\"https:\/\/livebiennale.ca\/2015\/alain-martin-richard\/\">Alain-Martin Richard<\/a><br \/>\n<a href=\"https:\/\/livebiennale.ca\/2015\/donato-mancini-gabriel-soloman\/\">Donato Mancini &amp; Gabriel Soloman<\/a><br \/>\n<a href=\"https:\/\/livebiennale.ca\/2015\/dustin-brons\/\">Dustin Brons<\/a><br \/>\n<a href=\"https:\/\/livebiennale.ca\/2015\/gary-varro\/\">Gary Varro<\/a><br \/>\n<a href=\"https:\/\/livebiennale.ca\/2015\/guadalupe-neves\/\">Guadalupe Neves<\/a><br \/>\n<a href=\"https:\/\/livebiennale.ca\/2015\/guillaume-desanges\/\">Guillaume D\u00e9sanges<\/a><br \/>\n<a href=\"https:\/\/livebiennale.ca\/2015\/jason-lim\/\">Jason Lim<\/a><br \/>\n<a href=\"https:\/\/livebiennale.ca\/2015\/jelili-atiku\/\">Jelili Atiku<\/a><br \/>\n<a href=\"https:\/\/livebiennale.ca\/2015\/john-boehme\/\">John Boehme<\/a><br \/>\n<a href=\"https:\/\/livebiennale.ca\/2015\/189-2\/\">J\u00fcrgen Fritz<\/a><br \/>\n<a href=\"https:\/\/livebiennale.ca\/2015\/lauren-marsden\/\">Lauren Marsden<\/a><br \/>\n<a href=\"https:\/\/livebiennale.ca\/2015\/leannej-my-name-is-scot\/\">LeanneJ + My Name is Scot<\/a><br \/>\n<a href=\"https:\/\/livebiennale.ca\/2015\/lori-blondeau\/\">Lori Blondeau<\/a><br \/>\n<a href=\"https:\/\/livebiennale.ca\/2015\/luciana-danunciacao\/\">Luciana D\u2019Anunciacao<\/a><br \/>\n<a href=\"https:\/\/livebiennale.ca\/2015\/macarena-perich-rosas\/\">Macarena Perich Rosas<\/a><br \/>\n<a href=\"https:\/\/livebiennale.ca\/2015\/marcio-carvalho\/\">Marcio Carvalho<\/a><br \/>\n<a href=\"https:\/\/livebiennale.ca\/2015\/snezana-golubovic\/\">Sne\u017eana Golubovi\u0107<\/a><br \/>\n<a href=\"https:\/\/livebiennale.ca\/2015\/steve-hubert\/\">Steve Hubert<\/a><br \/>\n<a href=\"https:\/\/livebiennale.ca\/2015\/suka-off\/\">Suka Off<\/a><br \/>\n<a href=\"https:\/\/livebiennale.ca\/2015\/vestandpage\/\">VestAndPage<\/a><\/p>\n<h3 style=\"text-align: center;\"><strong>2011<\/strong><\/h3>\n<p style=\"text-align: center;\"><a href=\"https:\/\/livebiennale.ca\/2015\/2011-anna-syczewska\/\">Anna Syczewska<\/a><br \/>\n<a href=\"https:\/\/livebiennale.ca\/2015\/anne-sophie-turion\/\">Anne-Sophie Turion<\/a><br \/>\n<a href=\"https:\/\/livebiennale.ca\/2015\/212-2\/\">Arti Grabowski<\/a><br \/>\n<a href=\"https:\/\/livebiennale.ca\/2015\/2011-dana-claxton\/\">Dana Claxton<\/a><br \/>\n<a href=\"https:\/\/livebiennale.ca\/2015\/2011-dave-chokroun-femke-van-delft\/\">Dave Chokroun<\/a><br \/>\n<a href=\"https:\/\/livebiennale.ca\/2015\/2011-diane-thorn\/\">Diane Thorn<\/a><br \/>\n<a href=\"https:\/\/livebiennale.ca\/2015\/2011-dril\/\">Dril<\/a><br \/>\n<a href=\"https:\/\/livebiennale.ca\/2015\/2011femke-van-delft\/\">Femke van Delft<\/a><br \/>\n<a href=\"https:\/\/livebiennale.ca\/2015\/2011-golboo-amani\/\">Golboo Amani<\/a><br \/>\n<a href=\"https:\/\/livebiennale.ca\/2015\/2011-grace-salez\/\">Grace Salez<\/a><br \/>\n<a href=\"https:\/\/livebiennale.ca\/2015\/2011-guadalupe-martinez\/\">Guadalupe Martinez<\/a><br \/>\n<a href=\"https:\/\/livebiennale.ca\/2015\/2011-him-lo\/\">Him Lo<\/a><br \/>\n<a href=\"https:\/\/livebiennale.ca\/2015\/2011-irene-loughlin\/\">Irene Loughlin<\/a><br \/>\n<a href=\"https:\/\/livebiennale.ca\/2015\/2011-jean-dupuy\/\">Jean Dupuy<\/a><br \/>\n<a href=\"https:\/\/livebiennale.ca\/2015\/2011-judith-price\/\">Judith Price<\/a><br \/>\n<a href=\"https:\/\/livebiennale.ca\/2015\/2011-kurt-johannessen\/\">Kurt Johannessen<\/a><br \/>\n<a href=\"https:\/\/livebiennale.ca\/2015\/2011-lin-yilin\/\">Lin Yilin<\/a><br \/>\n<a href=\"https:\/\/livebiennale.ca\/2015\/2011-margaret-dragu\/\">Margaret Dragu<\/a><br \/>\n<a href=\"https:\/\/livebiennale.ca\/2015\/2011-moe-satt\/\">Moe Satt<\/a><br \/>\n<a href=\"https:\/\/livebiennale.ca\/2015\/2011-naufus-ramirez-figueroa\/\">Naufus Ramirez-Figueroa<\/a><br \/>\n<a href=\"https:\/\/livebiennale.ca\/2015\/2011-nobuo-kubota\/\">Nobuo Kubota<\/a><br \/>\n<a href=\"https:\/\/livebiennale.ca\/2015\/2011-pancho-lopez\/\">Pancho Lopez<\/a><br \/>\n<a href=\"https:\/\/livebiennale.ca\/2015\/2011-pedro-guillen-cuevas\/\">Pedro Guill\u00e8n Cuevas<\/a><br \/>\n<a href=\"https:\/\/livebiennale.ca\/2015\/2011-robin-brass\/\">Robin Brass<\/a><br \/>\n<a href=\"https:\/\/livebiennale.ca\/2015\/2011-rudolphe-yves-lapointe\/\">Rudolphe-Yves Lapointe<\/a><br \/>\n<a href=\"https:\/\/livebiennale.ca\/2015\/2011-sakiko-yamaoka\/\">Sakiko Yamaoka<\/a><br \/>\n<a href=\"https:\/\/livebiennale.ca\/2015\/2011-sinead-odonnell\/\">Sin\u00e9ad O\u2019Donnell<\/a><br \/>\n<a href=\"https:\/\/livebiennale.ca\/2015\/2011-stacey-ho\/\">Stacey Ho<\/a><br \/>\n<a href=\"https:\/\/livebiennale.ca\/2015\/2011-suvi\/\">Suvi<\/a><br \/>\n<a href=\"https:\/\/livebiennale.ca\/2015\/2011-cruz-brothers\/\">The Cruz Brothers<\/a><br \/>\n<a href=\"https:\/\/livebiennale.ca\/2015\/2011-turner-prize\/\">Turner Prize<\/a><br \/>\n<a href=\"https:\/\/livebiennale.ca\/2015\/2011-3\/\">Vasan Sitthiket<\/a><br \/>\n<a href=\"https:\/\/livebiennale.ca\/2015\/2011-warren-arcan\/\">Warren Arcan<\/a><\/p>\n<h3 style=\"text-align: center;\"><strong>2009<\/strong><\/h3>\n<p style=\"text-align: center;\">Zarah Ackerman<br \/>\nGustavo Alvarez<br \/>\nChumpon Apisuk<br \/>\nTara Arnst<br \/>\nDennis E. Bolen<br \/>\nSarah Buchanan<br \/>\nHank Bull<br \/>\nJennifer Campbell<br \/>\nChuyia Chia<br \/>\nShannon Cochrane<br \/>\nLoic Connanski<br \/>\nPaul Couillard<br \/>\nFrancis and Patrick Cruz<br \/>\nMargaret Dragu<br \/>\ndance troupe practice<br \/>\nEsther Ferrer<br \/>\nSoressa Gardner<br \/>\nRandy Gledhill<br \/>\nFrancisco-Fernando Granados<br \/>\nSarah Viscardi Harruthoonyan<br \/>\nMakiko Hara<br \/>\nJohanna Householder<br \/>\nInstant Coffee<br \/>\nTodd Janes<br \/>\nGeumhyung Jeong<br \/>\nCaleb Johnston<br \/>\nRichard Tawhanga Kereopa<br \/>\nVelveeta Krisp<br \/>\nL\u00e9a Le Bricomte<br \/>\nManolo Lugo<br \/>\nTanya Lukin-Linklater<br \/>\nJames Maxwell<br \/>\nBrady Marks<br \/>\nKevin McKenzie<br \/>\nGraham Meisner<br \/>\nNadia Mercer<br \/>\nPeter Morin<br \/>\nHeidi Nagtegaal<br \/>\nLeslie Mark Overland<br \/>\nLes Fermie\u00e8res Obs\u00e9d\u00e9es<br \/>\nNa\u00fafus Ramirez-Figueroa<br \/>\nSkeena Reece<br \/>\nNeal Rockwell<br \/>\nGwendoline Robin<br \/>\nEmilio Rojas<br \/>\nBrian Rush<br \/>\nC.Snatch Z.<br \/>\nJonas Stampe<br \/>\nNorico Sunayama<br \/>\nRichard Tawhanga Kereopa<br \/>\nJeremy Todd<br \/>\nValentin Torrens<br \/>\nTurner Prize<br \/>\nSarah Viscardi Harruthoonyan<br \/>\nRocco Trigueros<br \/>\nLee Wen<\/p>\n<h3 style=\"text-align: center;\"><strong>2007<\/strong><\/h3>\n<p style=\"text-align: center;\">Archive<br \/>\nMarilyn Arsem<br \/>\nATSA<br \/>\nSinag Bayan<br \/>\nShannon Cochrane<br \/>\nPaul Couillard<br \/>\nMideo Cruz<br \/>\nRandy Lee Cutler<br \/>\nGlynn Davies-Marshall<br \/>\nRobert Ladislas Derr<br \/>\nNauf\u00fas Figueroa<br \/>\nKevin Hamilton<br \/>\nTerrence Houle<br \/>\nJeff Huckleberry<br \/>\nWilliam Hunt<br \/>\nRoddy Hunter<br \/>\niKatun<br \/>\nTodd Janes<br \/>\nVelveeta Krisp + Tyler Wheatcroft<br \/>\nRacquel De Loyola<br \/>\nTanya Mars<br \/>\nMichael Morris + Vincent Trasov<br \/>\nThe National Bitter Melon Council (NBMC)<br \/>\nRobin Poitras<br \/>\nSal Randolph<br \/>\nIgor Santizo<br \/>\nSecond Front<br \/>\nAndre Stitt<br \/>\nArtur Tajber<br \/>\nTheatre Replacement<br \/>\nIwan Wijono<\/p>\n<h3 style=\"text-align: center;\"><strong>2005<\/strong><\/h3>\n<p style=\"text-align: center;\">Lida Abdullah<br \/>\nDaniel Anderson<br \/>\nWarren Arcan<br \/>\nPeter Baren<br \/>\nMartin Beauregard<br \/>\nPeter Conlin<br \/>\nMargaret Dragu<br \/>\nGeoffrey Farmer<br \/>\nJason Fitzpatrick<br \/>\nEllen Fullman<br \/>\nMark Grady<br \/>\nAstrid Hadad<br \/>\nPam Hall<br \/>\nJenny Ham<br \/>\nPaula Jardine<br \/>\nIrene Loughlin<br \/>\nSiobhan McCarthy<br \/>\nMeredith Monk<br \/>\nAl Neil<br \/>\nDaniel Olson<br \/>\nRadix<br \/>\nJudy Radul<br \/>\nLinda Rae Dornan<br \/>\nRobert Saucier<br \/>\nAnthony Schrag<br \/>\nNihilist Spasm Band<br \/>\nMaya Suess<br \/>\nBiliana Velkova<\/p>\n<h3 style=\"text-align: center;\"><strong>2003<\/strong><\/h3>\n<p style=\"text-align: center;\">Dick Averns<br \/>\nJulianna Barabas<br \/>\nRandy &amp; Berenicci<br \/>\nJohn G. Boehme<br \/>\nReona Brass<br \/>\nShawn Bristow<br \/>\nEric Cameron<br \/>\nPeter Conlin<br \/>\nDolores Dallas<br \/>\nLea Donnan<br \/>\nAllen Fisher<br \/>\nKirsten Forkert<br \/>\nDevon Gifford<br \/>\nMark Gililand<br \/>\nRodney Graham<br \/>\nKen Gregory<br \/>\nVanessa Kwan<br \/>\nRob La Frenais<br \/>\nIrene Loughlin<br \/>\nAlastair Maclennan<br \/>\nJamie McMurry<br \/>\nGareth Moore<br \/>\nJosh Neelands<br \/>\nBoris Nieslony<br \/>\nNorma<br \/>\nOne Night Only<br \/>\nBerangere Parizeau<br \/>\nDinka Pignon<br \/>\nMima Preston<br \/>\nJudith Price<br \/>\nRadix Theatre<br \/>\nNaufus Ramirez-Figueroa<br \/>\nHester Reeve<br \/>\nJocelyn Robert<br \/>\nLezli Rubin-Kunda<br \/>\nMo Sa\u2019Lemy<br \/>\nIgor Santizo<br \/>\nKristine Stiles<br \/>\nKara Uzelman<br \/>\nRoi Vaara<br \/>\nLori Weidenhammer<br \/>\nPaul Wong<\/p>\n<h3 style=\"text-align: center;\"><strong>2001<\/strong><\/h3>\n<p style=\"text-align: center;\">Draggin Angels<br \/>\nRobert Ashley<br \/>\nMarie Baker<br \/>\nRebecca Belmore<br \/>\nReona Brass<br \/>\nTrolley Bus<br \/>\nMargot Leigh Butler<br \/>\nKerriann Cardinal<br \/>\nFull Circle<br \/>\nKim Dawn<br \/>\nLisa Deanne Smith<br \/>\nNatalie Derome<br \/>\nLouise Dubreul<br \/>\nLarry Krone<br \/>\nDiane Landry<br \/>\nGlenn Lewis<br \/>\nLiminal<br \/>\nIrene Loughlin<br \/>\nMocosos<br \/>\nLouis Moye<br \/>\nRadix<br \/>\nJudy Radul<br \/>\nNaufus Ramirez-Figuera<br \/>\nJeanne Randolph<br \/>\nHester Reeve<br \/>\nMirha Soleil Ross<br \/>\nErin Stanley<br \/>\nVictoria Stanton<br \/>\nCorin Sworn<br \/>\nAlvin Tolentino<br \/>\nJosee Tremblay<br \/>\nMichael Turner<br \/>\nAaron Vidaver<br \/>\nLorena Wolffer<br \/>\nDavid Yonge<\/p>\n<h3 style=\"text-align: center;\"><strong>1999<\/strong><\/h3>\n<p style=\"text-align: center;\">Jerry Allen<br \/>\nLori Blondeau<br \/>\nReona Brass<br \/>\nClint Burnham<br \/>\nMillie Chen<br \/>\nDana Claxton<br \/>\nAndrea Fraser<br \/>\nHelena Goldwater<br \/>\nTrevor Gould<br \/>\nIrene Lockwood<br \/>\nMaya Love<br \/>\nMark Luba<br \/>\nMarlene Madison-Plimley<br \/>\nAndrew McCully<br \/>\nKiss n\u2019Tell<br \/>\nJudith Norris<br \/>\nJudy Radul<br \/>\nVictoria Singh<br \/>\nTaste This<br \/>\nRuby Truly<br \/>\nEvelyn von Michelofski<br \/>\nPaul Wong<\/p>\n","protected":false},"excerpt":{"rendered":"<p>2015 Adrian Stimson Charlene Vickers Fausto Grossi Francis O\u2019Shaughnessy Hank Bull James Luna and Jeneen Frei Njootli Jef Carnay Joseph Ravens Kara Hansen and Kathleen Taylor La Pocha Nostra Le [&hellip;]<\/p>\n","protected":false},"author":6,"featured_media":0,"parent":0,"menu_order":0,"comment_status":"closed","ping_status":"closed","template":"","meta":{"footnotes":""},"class_list":["post-916","page","type-page","status-publish","hentry"],"_links":{"self":[{"href":"https:\/\/livebiennale.ca\/2015\/wp-json\/wp\/v2\/pages\/916","targetHints":{"allow":["GET"]}}],"collection":[{"href":"https:\/\/livebiennale.ca\/2015\/wp-json\/wp\/v2\/pages"}],"about":[{"href":"https:\/\/livebiennale.ca\/2015\/wp-json\/wp\/v2\/types\/page"}],"author":[{"embeddable":true,"href":"https:\/\/livebiennale.ca\/2015\/wp-json\/wp\/v2\/users\/6"}],"replies":[{"embeddable":true,"href":"https:\/\/livebiennale.ca\/2015\/wp-json\/wp\/v2\/comments?post=916"}],"version-history":[{"count":5,"href":"https:\/\/livebiennale.ca\/2015\/wp-json\/wp\/v2\/pages\/916\/revisions"}],"predecessor-version":[{"id":2882,"href":"https:\/\/livebiennale.ca\/2015\/wp-json\/wp\/v2\/pages\/916\/revisions\/2882"}],"wp:attachment":[{"href":"https:\/\/livebiennale.ca\/2015\/wp-json\/wp\/v2\/media?parent=916"}],"curies":[{"name":"wp","href":"https:\/\/api.w.org\/{rel}","templated":true}]}}