{"id":180,"date":"2015-06-25T04:24:46","date_gmt":"2015-06-25T04:24:46","guid":{"rendered":"http:\/\/livebiennale.ca\/?page_id=180"},"modified":"2015-06-25T04:24:46","modified_gmt":"2015-06-25T04:24:46","slug":"snezana-golubovic","status":"publish","type":"page","link":"https:\/\/livebiennale.ca\/2015\/snezana-golubovic\/","title":{"rendered":"2013 Sne\u017eana Golubovi\u0107"},"content":{"rendered":"<h3>Sne\u017eana Golubovi\u0107<\/h3>\n<p style=\"text-align: left\">Serbia<br \/>\nThursday, September 19, 2013, 8pm<br \/>\nVIVO Media Arts, 1965 Main St., Vancouver BC<\/p>\n<h4>Biography<\/h4>\n<blockquote>\n<p style=\"text-align: left\">Sne\u017eana Golubovi\u0107 was born in the year The Rolling Stones rocked the world with \u201c(I Can\u2019t Get No) Satisfaction\u201d. She grew up with the Belgrade Alternative Scene (BAS), heard Ekatarina Velika, read Ivo Andri\u0107 and Danilo Ki\u0161, visited BITEF (Belgrade International Theatre Festival) and FEST (Film festival), studied drama, wrote about music and film, and made her own radio and TV programs. In 1992, she moved to Germany where she worked independently as an actor\/performer in productions by renowned directors such as Alexander Brill, Dirk Hauser, Angie Hiesl, Saskia Boddeke and Peter Greenaway. She was an assistant to Marina Abramovi\u0107 and a member of the Independent Performance Group, founded and led by Abramovi\u0107.<\/p>\n<p style=\"text-align: left\">Her works have been presented internationally including at NMAC Foundation (Cadiz 2004), Van Gogh Museum (Amsterdam 2005), Avignon Theatre Festival (2005), Venice Biennale (2007), OPEN International Performance Art Festival (Bejing 2008, 2009), Royal Museums of Fine Arts of Belgium (Brussels 2011), RAPID PULSE International Performance Art Festival (Chicago), and the 1st Venice International Performance Art Week (2012).<\/p>\n<\/blockquote>\n<h4>Video<\/h4>\n<p><iframe loading=\"lazy\" width=\"1170\" height=\"658\" src=\"https:\/\/www.youtube.com\/embed\/K8-i-6bqZIM?feature=oembed\" frameborder=\"0\" allowfullscreen><\/iframe><\/p>\n","protected":false},"excerpt":{"rendered":"<p>Sne\u017eana Golubovi\u0107 Serbia Thursday, September 19, 2013, 8pm VIVO Media Arts, 1965 Main St., Vancouver BC Biography Sne\u017eana Golubovi\u0107 was born in the year The Rolling Stones rocked the world [&hellip;]<\/p>\n","protected":false},"author":2,"featured_media":0,"parent":0,"menu_order":0,"comment_status":"open","ping_status":"closed","template":"","meta":{"footnotes":""},"class_list":["post-180","page","type-page","status-publish","hentry"],"_links":{"self":[{"href":"https:\/\/livebiennale.ca\/2015\/wp-json\/wp\/v2\/pages\/180","targetHints":{"allow":["GET"]}}],"collection":[{"href":"https:\/\/livebiennale.ca\/2015\/wp-json\/wp\/v2\/pages"}],"about":[{"href":"https:\/\/livebiennale.ca\/2015\/wp-json\/wp\/v2\/types\/page"}],"author":[{"embeddable":true,"href":"https:\/\/livebiennale.ca\/2015\/wp-json\/wp\/v2\/users\/2"}],"replies":[{"embeddable":true,"href":"https:\/\/livebiennale.ca\/2015\/wp-json\/wp\/v2\/comments?post=180"}],"version-history":[{"count":0,"href":"https:\/\/livebiennale.ca\/2015\/wp-json\/wp\/v2\/pages\/180\/revisions"}],"wp:attachment":[{"href":"https:\/\/livebiennale.ca\/2015\/wp-json\/wp\/v2\/media?parent=180"}],"curies":[{"name":"wp","href":"https:\/\/api.w.org\/{rel}","templated":true}]}}