{"id":168,"date":"2015-06-25T04:12:35","date_gmt":"2015-06-25T04:12:35","guid":{"rendered":"http:\/\/livebiennale.ca\/?page_id=168"},"modified":"2015-06-25T04:12:35","modified_gmt":"2015-06-25T04:12:35","slug":"guillaume-desanges","status":"publish","type":"page","link":"https:\/\/livebiennale.ca\/2015\/guillaume-desanges\/","title":{"rendered":"2013 Guillaume D\u00e9sanges"},"content":{"rendered":"<h3>Guillaume D\u00e9sanges<\/h3>\n<h6>France<br \/>\nSunday, September 22, 7:30pm<br \/>\nSFU Woodward\u2019s Fei and Milton Wong Experimental Theatre<\/p>\n<p>Artist Talk: Monday, September 23, 2013, 7pm<br \/>\nWestern Front, 303 E 8th Ave., Vancouver BC<\/h6>\n<blockquote>\n<p style=\"text-align: left\"><em>Because Marcel Duchamp is the freest man of the 20st century.<br \/>\nBecause he made this fundamental liberty flourish, he would feed it, all the time, with every breath, every gesture.<br \/>\nBecause this liberty is his artwork.<br \/>\nBecause it is elegant.<br \/>\nBecause it is radical.<br \/>\nBecause this liberty is so relentless became natural, necessary, vital.<br \/>\nBecause Marcel Duchamp is the nuclear force of Art : manifesting small frictions that create devastating explosions of meaning and emotion.<br \/>\nBecause Marcel Duchamp is the one who invents a new politics of seeing.<br \/>\nBecause Marcel Duchamp is a stowaway of the Arts who will in spite of himself end up at the bow of the ship.<\/em><\/p>\n<p>\u2015excerpt from the show Marcel Duchamp, a play by Guillaume D\u00e9sanges &amp; Fr\u00e9d\u00e9ric Cherb\u0153uf.<\/p><\/blockquote>\n<h4>Biography<\/h4>\n<blockquote>\n<p style=\"text-align: left\">Guillaume D\u00e9sanges is curator and art critic, and founder of Work Method, a Paris based agency for curatorial projects. In 2013 he created, with Federic Cherb\u0153uf, the theater play Marcel Duchamp. He was co-ordinator of artistic projects at Laboratoires d\u2019Aubervilliers (2001\u20132007) and curated the exhibitions Pick-Up at Public (Paris 2004) and STUK (Leuven, Belgium 2008), Untouchable (The Transparency Ideal) at Villa Arson (Nice) and Museo Patio Herreriano (Valladolid 2006-2007), Jiri Kovanda VS Rest of the World at gallery gb agency (Paris), De Appel (Amsterdam), and Centre d\u2019Art Santa Monica (Barcelone), Child\u2019s Play at Biennale Periferic, (Iasi, Rumania) and Nam June Paik Center (South Korea), Michel Fran\u00e7ois, Plans for Escape\u201d at SMAK (Belgium), Erre at the Centre Pompidou-Metz, 2001-2011 : Suddenly-Yet at the French National School Gallery, and Amazing ! Clever ! Linguistic !, An Adventure in Conceptual Art at Generali Foundation (Vienna 2013). He was guest curator at Centre d\u2019Art Contemporain La T\u00f4lerie and at the art centre le Plateau-Frac Ile de France, Paris, for the exhibition series Concrete Erudition. His performed conference projects, such as A History of Performance in 20 Minutes, Vox Artisti, his Masters\u2019 Voice, and Signs and Wonders, have shown internationally. He is member of the purchase commission of the FRAC Lorraine and teaches at Paris Sorbonne University.<\/p>\n<\/blockquote>\n","protected":false},"excerpt":{"rendered":"<p>Guillaume D\u00e9sanges France Sunday, September 22, 7:30pm SFU Woodward\u2019s Fei and Milton Wong Experimental Theatre Artist Talk: Monday, September 23, 2013, 7pm Western Front, 303 E 8th Ave., Vancouver BC [&hellip;]<\/p>\n","protected":false},"author":2,"featured_media":0,"parent":0,"menu_order":0,"comment_status":"open","ping_status":"closed","template":"","meta":{"footnotes":""},"class_list":["post-168","page","type-page","status-publish","hentry"],"_links":{"self":[{"href":"https:\/\/livebiennale.ca\/2015\/wp-json\/wp\/v2\/pages\/168","targetHints":{"allow":["GET"]}}],"collection":[{"href":"https:\/\/livebiennale.ca\/2015\/wp-json\/wp\/v2\/pages"}],"about":[{"href":"https:\/\/livebiennale.ca\/2015\/wp-json\/wp\/v2\/types\/page"}],"author":[{"embeddable":true,"href":"https:\/\/livebiennale.ca\/2015\/wp-json\/wp\/v2\/users\/2"}],"replies":[{"embeddable":true,"href":"https:\/\/livebiennale.ca\/2015\/wp-json\/wp\/v2\/comments?post=168"}],"version-history":[{"count":0,"href":"https:\/\/livebiennale.ca\/2015\/wp-json\/wp\/v2\/pages\/168\/revisions"}],"wp:attachment":[{"href":"https:\/\/livebiennale.ca\/2015\/wp-json\/wp\/v2\/media?parent=168"}],"curies":[{"name":"wp","href":"https:\/\/api.w.org\/{rel}","templated":true}]}}